{"id":2,"date":"2020-02-05T23:31:13","date_gmt":"2020-02-05T23:31:13","guid":{"rendered":"http:\/\/incsep.com\/content\/?page_id=2"},"modified":"2023-10-09T18:24:52","modified_gmt":"2023-10-09T23:24:52","slug":"sample-page","status":"publish","type":"page","link":"https:\/\/incsep.com\/content\/","title":{"rendered":"\u00bfQui\u00e9nes Somos?"},"content":{"rendered":"\n<div class=\"wp-block-columns is-layout-flex wp-container-core-columns-is-layout-9d6595d7 wp-block-columns-is-layout-flex\">\n<div class=\"wp-block-column is-layout-flow wp-block-column-is-layout-flow\">\n<figure class=\"wp-block-image size-large\"><img decoding=\"async\" width=\"1024\" height=\"1024\" data-src=\"https:\/\/incsep.com\/content\/wp-content\/uploads\/2023\/10\/viajes-educativos-1024x1024.jpg\" alt=\"\" class=\"wp-image-335 lazyload\" data-srcset=\"https:\/\/incsep.com\/content\/wp-content\/uploads\/2023\/10\/viajes-educativos-1024x1024.jpg 1024w, https:\/\/incsep.com\/content\/wp-content\/uploads\/2023\/10\/viajes-educativos-300x300.jpg 300w, https:\/\/incsep.com\/content\/wp-content\/uploads\/2023\/10\/viajes-educativos-150x150.jpg 150w, https:\/\/incsep.com\/content\/wp-content\/uploads\/2023\/10\/viajes-educativos-768x768.jpg 768w, https:\/\/incsep.com\/content\/wp-content\/uploads\/2023\/10\/viajes-educativos.jpg 1440w\" data-sizes=\"(max-width: 1024px) 100vw, 1024px\" src=\"data:image\/svg+xml;base64,PHN2ZyB3aWR0aD0iMSIgaGVpZ2h0PSIxIiB4bWxucz0iaHR0cDovL3d3dy53My5vcmcvMjAwMC9zdmciPjwvc3ZnPg==\" style=\"--smush-placeholder-width: 1024px; --smush-placeholder-aspect-ratio: 1024\/1024;\" \/><\/figure>\n<\/div>\n\n\n\n<div class=\"wp-block-column is-layout-flow wp-block-column-is-layout-flow\">\n<figure class=\"wp-block-image size-large\"><img decoding=\"async\" width=\"1024\" height=\"1024\" data-src=\"https:\/\/incsep.com\/content\/wp-content\/uploads\/2023\/10\/convocatoria.noviembre-1024x1024.jpg\" alt=\"\" class=\"wp-image-336 lazyload\" data-srcset=\"https:\/\/incsep.com\/content\/wp-content\/uploads\/2023\/10\/convocatoria.noviembre-1024x1024.jpg 1024w, https:\/\/incsep.com\/content\/wp-content\/uploads\/2023\/10\/convocatoria.noviembre-300x300.jpg 300w, https:\/\/incsep.com\/content\/wp-content\/uploads\/2023\/10\/convocatoria.noviembre-150x150.jpg 150w, https:\/\/incsep.com\/content\/wp-content\/uploads\/2023\/10\/convocatoria.noviembre-768x768.jpg 768w, https:\/\/incsep.com\/content\/wp-content\/uploads\/2023\/10\/convocatoria.noviembre.jpg 1080w\" data-sizes=\"(max-width: 1024px) 100vw, 1024px\" src=\"data:image\/svg+xml;base64,PHN2ZyB3aWR0aD0iMSIgaGVpZ2h0PSIxIiB4bWxucz0iaHR0cDovL3d3dy53My5vcmcvMjAwMC9zdmciPjwvc3ZnPg==\" style=\"--smush-placeholder-width: 1024px; --smush-placeholder-aspect-ratio: 1024\/1024;\" \/><\/figure>\n<\/div>\n<\/div>\n\n\n\n<p><\/p>\n\n\n\n<figure class=\"wp-block-image size-large\"><img decoding=\"async\" width=\"1024\" height=\"193\" data-src=\"https:\/\/incsep.com\/content\/wp-content\/uploads\/2020\/12\/angliachichester-1024x193.png\" alt=\"\" class=\"wp-image-31 lazyload\" data-srcset=\"https:\/\/incsep.com\/content\/wp-content\/uploads\/2020\/12\/angliachichester-1024x193.png 1024w, https:\/\/incsep.com\/content\/wp-content\/uploads\/2020\/12\/angliachichester-300x57.png 300w, https:\/\/incsep.com\/content\/wp-content\/uploads\/2020\/12\/angliachichester-768x145.png 768w, https:\/\/incsep.com\/content\/wp-content\/uploads\/2020\/12\/angliachichester.png 1032w\" data-sizes=\"(max-width: 1024px) 100vw, 1024px\" src=\"data:image\/svg+xml;base64,PHN2ZyB3aWR0aD0iMSIgaGVpZ2h0PSIxIiB4bWxucz0iaHR0cDovL3d3dy53My5vcmcvMjAwMC9zdmciPjwvc3ZnPg==\" style=\"--smush-placeholder-width: 1024px; --smush-placeholder-aspect-ratio: 1024\/193;\" \/><\/figure>\n\n\n\n<figure class=\"wp-block-image size-large\"><img decoding=\"async\" width=\"1024\" height=\"238\" data-src=\"https:\/\/incsep.com\/content\/wp-content\/uploads\/2020\/12\/quienessomos-1024x238.png\" alt=\"\" class=\"wp-image-29 lazyload\" data-srcset=\"https:\/\/incsep.com\/content\/wp-content\/uploads\/2020\/12\/quienessomos-1024x238.png 1024w, https:\/\/incsep.com\/content\/wp-content\/uploads\/2020\/12\/quienessomos-300x70.png 300w, https:\/\/incsep.com\/content\/wp-content\/uploads\/2020\/12\/quienessomos-768x178.png 768w, https:\/\/incsep.com\/content\/wp-content\/uploads\/2020\/12\/quienessomos.png 1030w\" data-sizes=\"(max-width: 1024px) 100vw, 1024px\" src=\"data:image\/svg+xml;base64,PHN2ZyB3aWR0aD0iMSIgaGVpZ2h0PSIxIiB4bWxucz0iaHR0cDovL3d3dy53My5vcmcvMjAwMC9zdmciPjwvc3ZnPg==\" style=\"--smush-placeholder-width: 1024px; --smush-placeholder-aspect-ratio: 1024\/238;\" \/><\/figure>\n\n\n\n<figure class=\"wp-block-image size-large\"><img decoding=\"async\" width=\"502\" height=\"68\" data-src=\"https:\/\/incsep.com\/content\/wp-content\/uploads\/2020\/12\/quienessomos02.png\" alt=\"\" class=\"wp-image-30 lazyload\" data-srcset=\"https:\/\/incsep.com\/content\/wp-content\/uploads\/2020\/12\/quienessomos02.png 502w, https:\/\/incsep.com\/content\/wp-content\/uploads\/2020\/12\/quienessomos02-300x41.png 300w\" data-sizes=\"(max-width: 502px) 100vw, 502px\" src=\"data:image\/svg+xml;base64,PHN2ZyB3aWR0aD0iMSIgaGVpZ2h0PSIxIiB4bWxucz0iaHR0cDovL3d3dy53My5vcmcvMjAwMC9zdmciPjwvc3ZnPg==\" style=\"--smush-placeholder-width: 502px; --smush-placeholder-aspect-ratio: 502\/68;\" \/><\/figure>\n\n\n\n<div class=\"wp-block-columns is-layout-flex wp-container-core-columns-is-layout-9d6595d7 wp-block-columns-is-layout-flex\">\n<div class=\"wp-block-column is-layout-flow wp-block-column-is-layout-flow\">\n<p>INCSEP de Colombia, es representante para <strong>Anglia Examinations<\/strong>.<\/p>\n\n\n\n<p>Anglia Examinations es una entidad examinadora internacional que actualmente opera en mas de 50 pa\u00edses en todo el mundo.<\/p>\n\n\n\n<p>La Casa Matriz de nuestra organizaci\u00f3n, esta ubicada en el Departamento de Operaciones Internacionales de Chichester College(entidad brit\u00e1nica educativa p\u00fablica, subvencionada por el Gobierno de Gran Breta\u00f1a), situado en el condado de West Sussex, Inglaterra.<\/p>\n\n\n\n<p><strong>Anglia Examinations<\/strong> ofrece <strong>Pruebas Orales Internacionales<\/strong> <strong>de Logro para ni\u00f1os a partir de los 4 a\u00f1os de edad, Ex\u00e1menes de Ingl\u00e9s General y Comercial<\/strong> (cuatro habilidades\/destrezas), <strong>Ex\u00e1menes Internacionales para Docentes y Certificaciones en Traducci\u00f3n Aplicada y ex\u00e1menes para adultos.<\/strong><\/p>\n\n\n\n<p>Los ex\u00e1menes internacionales para estudiantes cubren todas las edades ( ni\u00f1os adolescentes y adultos) y se ajustan a todos los niveles de idioma. Cabe destacar que nuestros ex\u00e1menes se encuentran alineados al <strong>Marco Com\u00fan Europeo de Referencia para las Lenguas (CEFR)<\/strong><\/p>\n<\/div>\n\n\n\n<div class=\"wp-block-column is-vertically-aligned-bottom is-layout-flow wp-block-column-is-layout-flow\"><div class=\"wp-block-image\">\n<figure class=\"aligncenter size-medium is-resized\"><img decoding=\"async\" data-src=\"https:\/\/incsep.com\/content\/wp-content\/uploads\/2020\/12\/ColomLogo-296x300.png\" alt=\"\" class=\"wp-image-42 lazyload\" style=\"--smush-placeholder-width: 296px; --smush-placeholder-aspect-ratio: 296\/300;width:300px\" width=\"300\" data-srcset=\"https:\/\/incsep.com\/content\/wp-content\/uploads\/2020\/12\/ColomLogo-296x300.png 296w, https:\/\/incsep.com\/content\/wp-content\/uploads\/2020\/12\/ColomLogo.png 753w\" data-sizes=\"(max-width: 296px) 100vw, 296px\" src=\"data:image\/svg+xml;base64,PHN2ZyB3aWR0aD0iMSIgaGVpZ2h0PSIxIiB4bWxucz0iaHR0cDovL3d3dy53My5vcmcvMjAwMC9zdmciPjwvc3ZnPg==\" \/><\/figure>\n<\/div><\/div>\n<\/div>\n\n\n\n<div class=\"wp-block-media-text is-stacked-on-mobile\"><figure class=\"wp-block-media-text__media\"><img decoding=\"async\" width=\"284\" height=\"300\" data-src=\"https:\/\/incsep.com\/content\/wp-content\/uploads\/2023\/10\/examenes-menuales-284x300.jpg\" alt=\"examenes mensuales\" class=\"wp-image-314 size-full lazyload\" data-srcset=\"https:\/\/incsep.com\/content\/wp-content\/uploads\/2023\/10\/examenes-menuales-284x300.jpg 284w, https:\/\/incsep.com\/content\/wp-content\/uploads\/2023\/10\/examenes-menuales-768x811.jpg 768w, https:\/\/incsep.com\/content\/wp-content\/uploads\/2023\/10\/examenes-menuales.jpg 963w\" data-sizes=\"(max-width: 284px) 100vw, 284px\" src=\"data:image\/svg+xml;base64,PHN2ZyB3aWR0aD0iMSIgaGVpZ2h0PSIxIiB4bWxucz0iaHR0cDovL3d3dy53My5vcmcvMjAwMC9zdmciPjwvc3ZnPg==\" style=\"--smush-placeholder-width: 284px; --smush-placeholder-aspect-ratio: 284\/300;\" \/><\/figure><div class=\"wp-block-media-text__content\">\n<p class=\"has-text-align-left\">Anglia Examinations trabaja en conjunto con AIM Awards y de esta manera, logra ofrecer certificaciones acreditadas por Ofqual (ente gubernamental brit\u00e1nico regulador de certificaciones). AIM Awards es organizaci\u00f3n acreditadora ubicada en el Reino Unido, que ofrece un sin n\u00famero de certificaciones en distintos niveles y en diferentes \u00e1reas de estudio. Todos los centros que ofrezcan nuestras certificaciones estar\u00e1n avalados tanto por Anglia como por AIM Awards y el ejercicio de control de calidad de nuestras certificaciones ser\u00e1 realizado por ambas entidades.<\/p>\n\n\n\n<p>Ser <strong>Centro Oficial de Anglia Examinations<\/strong> consiste en tener un lugar f\u00edsico apto para llevar a cabo una sesi\u00f3n de ex\u00e1menes internacionales. Se puede optar por ser centro oficial de ex\u00e1menes <strong>abierto<\/strong> o <strong>cerrado<\/strong>. El primer caso se elige cuando vuestra instituci\u00f3n recepciona alumnos externos, de otras academias, colegios o institutos y por los cuales el centro recibe una comisi\u00f3n. El segundo caso se elige cuando se presentan a examen Alumnos \u00fanicamente de su instituci\u00f3n.<\/p>\n\n\n\n<p><\/p>\n<\/div><\/div>\n\n\n\n<p><\/p>\n\n\n\n<p><strong>Anglia Examinations<\/strong> favorece el enfoque de aprendizaje \u00abPaso a Paso\u00bb, dado que el mismo alienta y motiva a los estudiantes a lograr un progreso claro y efectivo.<br>Frecuentemente los ni\u00f1os aprenden ingl\u00e9s durante varios a\u00f1os y luego en su adolescencia finalmente toman ex\u00e1menes internacionales considerando su transici\u00f3n a la educaci\u00f3n Universitaria o al mercado laboral. En <strong>Anglia Examinations<\/strong> creemos que entonces es demasiado tarde para convencerles de sus habilidades naturales para el idioma y que es infinitamente m\u00e1s conducente a su futuro que se les eval\u00fae gradualmente luego de cada peque\u00f1o paso recibiendo un certificado al <strong>finalizar cada a\u00f1o acad\u00e9mico<\/strong> y merecidos elogios por sus logros.<br>de esta manera se fomenta la continuidad y la autoconfianza. A su vez, independientemente del momento en que dejen de estudiar, siempre tendr\u00e1n evidencia tangible del nivel alcanzado.<\/p>\n","protected":false},"excerpt":{"rendered":"<p>INCSEP de Colombia, es representante para Anglia Examinations. Anglia Examinations es una entidad examinadora internacional que actualmente opera en mas de 50 pa\u00edses en todo&hellip;<\/p>\n","protected":false},"author":1,"featured_media":0,"parent":0,"menu_order":0,"comment_status":"closed","ping_status":"open","template":"","meta":{"footnotes":""},"class_list":["post-2","page","type-page","status-publish","hentry"],"_links":{"self":[{"href":"https:\/\/incsep.com\/content\/wp-json\/wp\/v2\/pages\/2","targetHints":{"allow":["GET"]}}],"collection":[{"href":"https:\/\/incsep.com\/content\/wp-json\/wp\/v2\/pages"}],"about":[{"href":"https:\/\/incsep.com\/content\/wp-json\/wp\/v2\/types\/page"}],"author":[{"embeddable":true,"href":"https:\/\/incsep.com\/content\/wp-json\/wp\/v2\/users\/1"}],"replies":[{"embeddable":true,"href":"https:\/\/incsep.com\/content\/wp-json\/wp\/v2\/comments?post=2"}],"version-history":[{"count":22,"href":"https:\/\/incsep.com\/content\/wp-json\/wp\/v2\/pages\/2\/revisions"}],"predecessor-version":[{"id":337,"href":"https:\/\/incsep.com\/content\/wp-json\/wp\/v2\/pages\/2\/revisions\/337"}],"wp:attachment":[{"href":"https:\/\/incsep.com\/content\/wp-json\/wp\/v2\/media?parent=2"}],"curies":[{"name":"wp","href":"https:\/\/api.w.org\/{rel}","templated":true}]}}